{"id":797,"date":"2021-09-28T16:59:27","date_gmt":"2021-09-28T14:59:27","guid":{"rendered":"https:\/\/www.leds4africa.ledspadova.eu\/?page_id=797"},"modified":"2024-11-24T20:47:42","modified_gmt":"2024-11-24T19:47:42","slug":"unisciti-a-noi","status":"publish","type":"page","link":"https:\/\/www.leds4africa.ledspadova.eu\/en\/unisciti-a-noi\/","title":{"rendered":"Unisciti a noi"},"content":{"rendered":"<h2>Chi cerchiamo<\/h2>\n<p>Siamo aperti a tutti gli <strong>studenti dell&#8217;Universit\u00e0 di Padova<\/strong> che abbiano interesse a partecipare ad un progetto innovativo di cooperazione e sostenibilit\u00e0, e che abbiano voglia di <strong>mettersi in gioco<\/strong>, imparare e lavorare in team per un obiettivo ad elevato impatto sociale.<\/p>\n<p>Fai al caso nostro se:<\/p>\n<ul style=\"list-style-type: square;\">\n<li>sei un* studente di <strong>Ingegneria dell&#8217;Energia, Ingegneria Elettrica o Energetica<\/strong>, e vuoi imparare ad applicare concretamente ci\u00f2 che hai imparato (o stai imparando) sui libri;<\/li>\n<li>sei un* studente di <strong>Ingegneria Meccanica, Civile o Ambientale<\/strong>, e vorresti sviluppare idee e progetti relativi al pompaggio solare per l&#8217;approvvigionamento d&#8217;acqua in contesti difficili;<\/li>\n<li>sei un* studente di <strong>qualunque facolt\u00e0<\/strong>, e hai passione per le tecnologie rinnovabili e per i temi di sostenibilit\u00e0 ambientale\/sociale, oppure hai gi\u00e0 maturato esperienze nell&#8217;ambito del volontariato internazionale;<\/li>\n<li>hai <strong>competenze pregresse<\/strong> nella gestione di piattaforme social e canali di comunicazione (Instagram, Facebook, WordPress, ecc.), oppure nella realizzazione di grafiche e video, e stai cercando un un progetto a cui lavorare per affinare le tue capacit\u00e0.<\/li>\n<\/ul>\n<h2>Cosa potrai imparare<\/h2>\n<p>Partecipando a <em>LEDS for Africa<\/em> contribuirai alla realizzazione di un <strong>progetto ingegneristico<\/strong> di cooperazione internazionale, acquisendo competenze trasversali (<strong><em>soft skills<\/em><\/strong>) e imparando ad adottare un ruolo proattivo nell\u2019assunzione di incarichi e responsabilit\u00e0 all&#8217;interno di un gruppo di lavoro eterogeneo.<\/p>\n<p>Grazie alle <strong>attivit\u00e0 sperimentali<\/strong> che svolgiamo nel nostro laboratorio avrai modo di affiancare alle tue conoscenze tecniche\/teoriche tutta una serie di <strong>esperienze pratiche<\/strong>, toccando con mano tecnologie e prodotti specifici dell&#8217;ambito elettrico e fotovoltaico &#8211; ma non solo.<\/p>\n<p>Attraverso le proposte di <strong>formazione<\/strong> interna potrai specializzarti nella <strong>progettazione e design<\/strong> di impianto fotovoltaici ad isola per applicazioni non standard in contesti complessi, a sostegno di comunit\u00e0 locali svantaggiate.<\/p>\n<p>Avrai inoltre la possibilit\u00e0 di far parte del <strong>team di installazione<\/strong> che si recher\u00e0 personalmente in Guinea Bissau per costruire gli impianti che stiamo progettando.<\/p>\n<p><img decoding=\"async\" class=\"aligncenter size-full wp-image-813\" src=\"https:\/\/www.leds4africa.ledspadova.eu\/wp-content\/uploads\/2021\/09\/FotoJet.jpg\" alt=\"\" width=\"2300\" height=\"1080\" srcset=\"https:\/\/www.leds4africa.ledspadova.eu\/wp-content\/uploads\/2021\/09\/FotoJet.jpg 2300w, https:\/\/www.leds4africa.ledspadova.eu\/wp-content\/uploads\/2021\/09\/FotoJet-800x376.jpg 800w, https:\/\/www.leds4africa.ledspadova.eu\/wp-content\/uploads\/2021\/09\/FotoJet-1100x517.jpg 1100w, https:\/\/www.leds4africa.ledspadova.eu\/wp-content\/uploads\/2021\/09\/FotoJet-768x361.jpg 768w, https:\/\/www.leds4africa.ledspadova.eu\/wp-content\/uploads\/2021\/09\/FotoJet-1536x721.jpg 1536w, https:\/\/www.leds4africa.ledspadova.eu\/wp-content\/uploads\/2021\/09\/FotoJet-2048x962.jpg 2048w, https:\/\/www.leds4africa.ledspadova.eu\/wp-content\/uploads\/2021\/09\/FotoJet-18x8.jpg 18w, https:\/\/www.leds4africa.ledspadova.eu\/wp-content\/uploads\/2021\/09\/FotoJet-660x310.jpg 660w\" sizes=\"(max-width: 2300px) 100vw, 2300px\" \/><\/p>\n<p>&nbsp;<\/p>\n<h2>Come unirti a noi:<\/h2>\n<p>Entrare a far parte del nostro team \u00e8 semplicissimo:<\/p>\n<p><strong>Step 1<\/strong>: Mandaci una mail all&#8217;indirizzo <a href=\"mailto:leds4africa@ledspadova.eu\">leds4africa@ledspadova.eu<\/a> scrivendoci chi sei e cosa studi, oppure <strong>compila il form<\/strong> che trovi qui in basso;<br \/>\n<strong>Step 2<\/strong>: Mettiamoci d&#8217;accordo per organizzare un <strong>incontro informale<\/strong> di presentazione reciproca (un caff\u00e8 o uno spritz al bar) e una visita al nostro laboratorio;<br \/>\n<strong>Step 3<\/strong>: We&#8217;re <strong>ready to go<\/strong>!<\/p>\n<hr \/>\n<h2>Contattaci!<\/h2>\n<div data-test='contact-form' id='contact-form-797' class='wp-block-jetpack-contact-form-container'>\n<form action='https:\/\/www.leds4africa.ledspadova.eu\/en\/unisciti-a-noi\/#contact-form-797' method='post' class='contact-form commentsblock' aria-label=\"Unisciti a noi\" novalidate data-trp-original-action=\"https:\/\/www.leds4africa.ledspadova.eu\/en\/unisciti-a-noi\/#contact-form-797\">\n\n<div style=\"\" class='grunion-field-name-wrap grunion-field-wrap'  >\n<label\n\t\t\t\tfor='g797-nome'\n\t\t\t\tclass='grunion-field-label name'>Nome<span class=\"grunion-label-required\" aria-hidden=\"true\">(required)<\/span><\/label>\n<input\n\t\t\t\t\ttype='text'\n\t\t\t\t\tname='g797-nome'\n\t\t\t\t\tid='g797-nome'\n\t\t\t\t\tvalue=''\n\t\t\t\t\tclass='name  grunion-field' \n\t\t\t\t\trequired aria-required='true' \/>\n\t<\/div>\n\n<div style=\"\" class='grunion-field-email-wrap grunion-field-wrap'  >\n<label\n\t\t\t\tfor='g797-emailpersonale'\n\t\t\t\tclass='grunion-field-label email'>Email personale<span class=\"grunion-label-required\" aria-hidden=\"true\">(required)<\/span><\/label>\n<input\n\t\t\t\t\ttype='email'\n\t\t\t\t\tname='g797-emailpersonale'\n\t\t\t\t\tid='g797-emailpersonale'\n\t\t\t\t\tvalue=''\n\t\t\t\t\tclass='email  grunion-field' \n\t\t\t\t\trequired aria-required='true' \/>\n\t<\/div>\n\n<div style=\"\" class='grunion-field-text-wrap grunion-field-wrap'  >\n<label\n\t\t\t\tfor='g797-corsodistudi'\n\t\t\t\tclass='grunion-field-label text'>Corso di studi<span class=\"grunion-label-required\" aria-hidden=\"true\">(required)<\/span><\/label>\n<input\n\t\t\t\t\ttype='text'\n\t\t\t\t\tname='g797-corsodistudi'\n\t\t\t\t\tid='g797-corsodistudi'\n\t\t\t\t\tvalue=''\n\t\t\t\t\tclass='text  grunion-field' \n\t\t\t\t\trequired aria-required='true' \/>\n\t<\/div>\n\n<div style=\"\" class='grunion-field-textarea-wrap grunion-field-wrap'  >\n<label\n\t\t\t\tfor='contact-form-comment-g797-diccichisei'\n\t\t\t\tclass='grunion-field-label textarea'>Dicci chi sei \ud83d\ude42<span class=\"grunion-label-required\" aria-hidden=\"true\">(required)<\/span><\/label>\n<textarea\n\t\t                style=''\n\t\t                name='g797-diccichisei'\n\t\t                id='contact-form-comment-g797-diccichisei'\n\t\t                rows='20' class='textarea  grunion-field'  required aria-required='true'><\/textarea>\n\t<\/div>\n\n<div style=\"\" class='grunion-field-textarea-wrap grunion-field-wrap'  >\n<label\n\t\t\t\tfor='contact-form-comment-g797-tiinteressaledsforafricaperch'\n\t\t\t\tclass='grunion-field-label textarea'>Ti interessa LEDS for Africa perch\u00e9...<span class=\"grunion-label-required\" aria-hidden=\"true\">(required)<\/span><\/label>\n<textarea\n\t\t                style=''\n\t\t                name='g797-tiinteressaledsforafricaperch'\n\t\t                id='contact-form-comment-g797-tiinteressaledsforafricaperch'\n\t\t                rows='20' class='textarea  grunion-field'  required aria-required='true'><\/textarea>\n\t<\/div>\n\t<p class='contact-submit'>\n\t\t<button type='submit' class='pushbutton-wide'>Submit<\/button>\t\t<input type='hidden' name='contact-form-id' value='797' \/>\n\t\t<input type='hidden' name='action' value='grunion-contact-form' \/>\n\t\t<input type='hidden' name='contact-form-hash' value='7106b8bd6a36068ffdf1bb89efb70c3946fb23e1' \/>\n\t<\/p>\n<input type=\"hidden\" name=\"trp-form-language\" value=\"en\"\/><\/form>\n<\/div>\n<h2>F.A.Q.<\/h2>\n<p><strong>Quante ore sottrae allo studio?<\/strong><br \/>\nLa partecipazione dei singoli \u00e8 flessibile e modulata in base agli impegni personali. \u00c8 richiesta tuttavia la disponibilit\u00e0 a contribuire attivamente con spirito propositivo allo sviluppo del progetto.<\/p>\n<p><strong>Dove vi trovate?<\/strong><br \/>\nLe riunioni del team si tengono in presenza presso le strutture del Dipartimento di Ingegneria Industriale, oppure da remoto via Zoom. Le attivit\u00e0 sperimentali si svolgono nel laboratorio dedicato a <em>LEDS for Africa<\/em> nella sede di via Gradenigo 6\/a.<\/p>\n<p><strong>Quali competenze sono richieste?<\/strong><br \/>\nNon sono necessarie particolari esperienze pregresse. Gli unici prerequisiti sono la voglia di impegnarsi in prima persona, lo spirito di iniziativa e la disponibilit\u00e0 ad applicarsi con costanza, anche attraverso lo studio autonomo.<br \/>\nPer la partecipazione al team di progettazione elettrica sono particolarmente consigliate le conoscenze base di elettrotecnica e\/o impianti elettrici. Sono invece considerate un plus competenze specifiche di elettronica, disegno tecnico, comunicazione, oltre che propensione alle attivit\u00e0 manuali quali bricolage, fai-da-te, ecc..<\/p>\n<p><strong>Ho altre domande<\/strong><br \/>\nMandaci una mail, o raggiungici via social!<\/p>","protected":false},"excerpt":{"rendered":"<p>Chi cerchiamo Siamo aperti a tutti gli studenti dell&#8217;Universit\u00e0 di Padova che abbiano interesse a partecipare ad un progetto innovativo di cooperazione e sostenibilit\u00e0, e &hellip;<\/p>","protected":false},"author":1,"featured_media":811,"parent":0,"menu_order":0,"comment_status":"closed","ping_status":"closed","template":"","meta":{"footnotes":""},"yoast_head":"<!-- This site is optimized with the Yoast SEO plugin v22.6 - https:\/\/yoast.com\/wordpress\/plugins\/seo\/ -->\n<title>Unisciti a noi |<\/title>\n<meta name=\"robots\" content=\"index, follow, max-snippet:-1, max-image-preview:large, max-video-preview:-1\" \/>\n<link rel=\"canonical\" href=\"https:\/\/www.leds4africa.ledspadova.eu\/en\/unisciti-a-noi\/\" \/>\n<meta property=\"og:locale\" content=\"en_US\" \/>\n<meta property=\"og:type\" content=\"article\" \/>\n<meta property=\"og:title\" content=\"Unisciti a noi |\" \/>\n<meta property=\"og:description\" content=\"Chi cerchiamo Siamo aperti a tutti gli studenti dell&#8217;Universit\u00e0 di Padova che abbiano interesse a partecipare ad un progetto innovativo di cooperazione e sostenibilit\u00e0, e &hellip;\" \/>\n<meta property=\"og:url\" content=\"https:\/\/www.leds4africa.ledspadova.eu\/en\/unisciti-a-noi\/\" \/>\n<meta property=\"article:publisher\" content=\"https:\/\/www.facebook.com\/leds4africa\/\" \/>\n<meta property=\"article:modified_time\" content=\"2024-11-24T19:47:42+00:00\" \/>\n<meta property=\"og:image\" content=\"https:\/\/www.leds4africa.ledspadova.eu\/wp-content\/uploads\/2021\/09\/Copertina-2-scaled.jpg\" \/>\n\t<meta property=\"og:image:width\" content=\"2560\" \/>\n\t<meta property=\"og:image:height\" content=\"1280\" \/>\n\t<meta property=\"og:image:type\" content=\"image\/jpeg\" \/>\n<meta name=\"twitter:card\" content=\"summary_large_image\" \/>\n<meta name=\"twitter:label1\" content=\"Est. reading time\" \/>\n\t<meta name=\"twitter:data1\" content=\"4 minutes\" \/>\n<script type=\"application\/ld+json\" class=\"yoast-schema-graph\">{\"@context\":\"https:\/\/schema.org\",\"@graph\":[{\"@type\":\"WebPage\",\"@id\":\"https:\/\/www.leds4africa.ledspadova.eu\/unisciti-a-noi\/\",\"url\":\"https:\/\/www.leds4africa.ledspadova.eu\/unisciti-a-noi\/\",\"name\":\"Unisciti a noi |\",\"isPartOf\":{\"@id\":\"https:\/\/www.leds4africa.ledspadova.eu\/#website\"},\"primaryImageOfPage\":{\"@id\":\"https:\/\/www.leds4africa.ledspadova.eu\/unisciti-a-noi\/#primaryimage\"},\"image\":{\"@id\":\"https:\/\/www.leds4africa.ledspadova.eu\/unisciti-a-noi\/#primaryimage\"},\"thumbnailUrl\":\"https:\/\/www.leds4africa.ledspadova.eu\/wp-content\/uploads\/2021\/09\/Copertina-2-scaled.jpg\",\"datePublished\":\"2021-09-28T14:59:27+00:00\",\"dateModified\":\"2024-11-24T19:47:42+00:00\",\"breadcrumb\":{\"@id\":\"https:\/\/www.leds4africa.ledspadova.eu\/unisciti-a-noi\/#breadcrumb\"},\"inLanguage\":\"en-US\",\"potentialAction\":[{\"@type\":\"ReadAction\",\"target\":[\"https:\/\/www.leds4africa.ledspadova.eu\/unisciti-a-noi\/\"]}]},{\"@type\":\"ImageObject\",\"inLanguage\":\"en-US\",\"@id\":\"https:\/\/www.leds4africa.ledspadova.eu\/unisciti-a-noi\/#primaryimage\",\"url\":\"https:\/\/www.leds4africa.ledspadova.eu\/wp-content\/uploads\/2021\/09\/Copertina-2-scaled.jpg\",\"contentUrl\":\"https:\/\/www.leds4africa.ledspadova.eu\/wp-content\/uploads\/2021\/09\/Copertina-2-scaled.jpg\",\"width\":2560,\"height\":1280},{\"@type\":\"BreadcrumbList\",\"@id\":\"https:\/\/www.leds4africa.ledspadova.eu\/unisciti-a-noi\/#breadcrumb\",\"itemListElement\":[{\"@type\":\"ListItem\",\"position\":1,\"name\":\"Home\",\"item\":\"https:\/\/www.leds4africa.ledspadova.eu\/\"},{\"@type\":\"ListItem\",\"position\":2,\"name\":\"Unisciti a noi\"}]},{\"@type\":\"WebSite\",\"@id\":\"https:\/\/www.leds4africa.ledspadova.eu\/#website\",\"url\":\"https:\/\/www.leds4africa.ledspadova.eu\/\",\"name\":\"\",\"description\":\"Project powerd by LEDS - L&#039;Energia Degli Studenti\",\"publisher\":{\"@id\":\"https:\/\/www.leds4africa.ledspadova.eu\/#organization\"},\"potentialAction\":[{\"@type\":\"SearchAction\",\"target\":{\"@type\":\"EntryPoint\",\"urlTemplate\":\"https:\/\/www.leds4africa.ledspadova.eu\/?s={search_term_string}\"},\"query-input\":\"required name=search_term_string\"}],\"inLanguage\":\"en-US\"},{\"@type\":\"Organization\",\"@id\":\"https:\/\/www.leds4africa.ledspadova.eu\/#organization\",\"name\":\"LEDS for Africa\",\"url\":\"https:\/\/www.leds4africa.ledspadova.eu\/\",\"logo\":{\"@type\":\"ImageObject\",\"inLanguage\":\"en-US\",\"@id\":\"https:\/\/www.leds4africa.ledspadova.eu\/#\/schema\/logo\/image\/\",\"url\":\"https:\/\/www.leds4africa.ledspadova.eu\/wp-content\/uploads\/2022\/11\/cropped-Logo-L4A-icona-e1668876584675.png\",\"contentUrl\":\"https:\/\/www.leds4africa.ledspadova.eu\/wp-content\/uploads\/2022\/11\/cropped-Logo-L4A-icona-e1668876584675.png\",\"width\":512,\"height\":512,\"caption\":\"LEDS for Africa\"},\"image\":{\"@id\":\"https:\/\/www.leds4africa.ledspadova.eu\/#\/schema\/logo\/image\/\"},\"sameAs\":[\"https:\/\/www.facebook.com\/leds4africa\/\",\"https:\/\/www.instagram.com\/ledspadova\/\"]}]}<\/script>\n<!-- \/ Yoast SEO plugin. -->","yoast_head_json":{"title":"Unisciti a noi |","robots":{"index":"index","follow":"follow","max-snippet":"max-snippet:-1","max-image-preview":"max-image-preview:large","max-video-preview":"max-video-preview:-1"},"canonical":"https:\/\/www.leds4africa.ledspadova.eu\/en\/unisciti-a-noi\/","og_locale":"en_US","og_type":"article","og_title":"Unisciti a noi |","og_description":"Chi cerchiamo Siamo aperti a tutti gli studenti dell&#8217;Universit\u00e0 di Padova che abbiano interesse a partecipare ad un progetto innovativo di cooperazione e sostenibilit\u00e0, e &hellip;","og_url":"https:\/\/www.leds4africa.ledspadova.eu\/en\/unisciti-a-noi\/","article_publisher":"https:\/\/www.facebook.com\/leds4africa\/","article_modified_time":"2024-11-24T19:47:42+00:00","og_image":[{"width":2560,"height":1280,"url":"https:\/\/www.leds4africa.ledspadova.eu\/wp-content\/uploads\/2021\/09\/Copertina-2-scaled.jpg","type":"image\/jpeg"}],"twitter_card":"summary_large_image","twitter_misc":{"Est. reading time":"4 minutes"},"schema":{"@context":"https:\/\/schema.org","@graph":[{"@type":"WebPage","@id":"https:\/\/www.leds4africa.ledspadova.eu\/unisciti-a-noi\/","url":"https:\/\/www.leds4africa.ledspadova.eu\/unisciti-a-noi\/","name":"Unisciti a noi |","isPartOf":{"@id":"https:\/\/www.leds4africa.ledspadova.eu\/#website"},"primaryImageOfPage":{"@id":"https:\/\/www.leds4africa.ledspadova.eu\/unisciti-a-noi\/#primaryimage"},"image":{"@id":"https:\/\/www.leds4africa.ledspadova.eu\/unisciti-a-noi\/#primaryimage"},"thumbnailUrl":"https:\/\/www.leds4africa.ledspadova.eu\/wp-content\/uploads\/2021\/09\/Copertina-2-scaled.jpg","datePublished":"2021-09-28T14:59:27+00:00","dateModified":"2024-11-24T19:47:42+00:00","breadcrumb":{"@id":"https:\/\/www.leds4africa.ledspadova.eu\/unisciti-a-noi\/#breadcrumb"},"inLanguage":"en-US","potentialAction":[{"@type":"ReadAction","target":["https:\/\/www.leds4africa.ledspadova.eu\/unisciti-a-noi\/"]}]},{"@type":"ImageObject","inLanguage":"en-US","@id":"https:\/\/www.leds4africa.ledspadova.eu\/unisciti-a-noi\/#primaryimage","url":"https:\/\/www.leds4africa.ledspadova.eu\/wp-content\/uploads\/2021\/09\/Copertina-2-scaled.jpg","contentUrl":"https:\/\/www.leds4africa.ledspadova.eu\/wp-content\/uploads\/2021\/09\/Copertina-2-scaled.jpg","width":2560,"height":1280},{"@type":"BreadcrumbList","@id":"https:\/\/www.leds4africa.ledspadova.eu\/unisciti-a-noi\/#breadcrumb","itemListElement":[{"@type":"ListItem","position":1,"name":"Home","item":"https:\/\/www.leds4africa.ledspadova.eu\/"},{"@type":"ListItem","position":2,"name":"Unisciti a noi"}]},{"@type":"WebSite","@id":"https:\/\/www.leds4africa.ledspadova.eu\/#website","url":"https:\/\/www.leds4africa.ledspadova.eu\/","name":"","description":"Project powerd by LEDS - L'Energia Degli Studenti","publisher":{"@id":"https:\/\/www.leds4africa.ledspadova.eu\/#organization"},"potentialAction":[{"@type":"SearchAction","target":{"@type":"EntryPoint","urlTemplate":"https:\/\/www.leds4africa.ledspadova.eu\/?s={search_term_string}"},"query-input":"required name=search_term_string"}],"inLanguage":"en-US"},{"@type":"Organization","@id":"https:\/\/www.leds4africa.ledspadova.eu\/#organization","name":"LEDS for Africa","url":"https:\/\/www.leds4africa.ledspadova.eu\/","logo":{"@type":"ImageObject","inLanguage":"en-US","@id":"https:\/\/www.leds4africa.ledspadova.eu\/#\/schema\/logo\/image\/","url":"https:\/\/www.leds4africa.ledspadova.eu\/wp-content\/uploads\/2022\/11\/cropped-Logo-L4A-icona-e1668876584675.png","contentUrl":"https:\/\/www.leds4africa.ledspadova.eu\/wp-content\/uploads\/2022\/11\/cropped-Logo-L4A-icona-e1668876584675.png","width":512,"height":512,"caption":"LEDS for Africa"},"image":{"@id":"https:\/\/www.leds4africa.ledspadova.eu\/#\/schema\/logo\/image\/"},"sameAs":["https:\/\/www.facebook.com\/leds4africa\/","https:\/\/www.instagram.com\/ledspadova\/"]}]}},"jetpack_sharing_enabled":true,"wps_subtitle":"","_links":{"self":[{"href":"https:\/\/www.leds4africa.ledspadova.eu\/en\/wp-json\/wp\/v2\/pages\/797"}],"collection":[{"href":"https:\/\/www.leds4africa.ledspadova.eu\/en\/wp-json\/wp\/v2\/pages"}],"about":[{"href":"https:\/\/www.leds4africa.ledspadova.eu\/en\/wp-json\/wp\/v2\/types\/page"}],"author":[{"embeddable":true,"href":"https:\/\/www.leds4africa.ledspadova.eu\/en\/wp-json\/wp\/v2\/users\/1"}],"replies":[{"embeddable":true,"href":"https:\/\/www.leds4africa.ledspadova.eu\/en\/wp-json\/wp\/v2\/comments?post=797"}],"version-history":[{"count":0,"href":"https:\/\/www.leds4africa.ledspadova.eu\/en\/wp-json\/wp\/v2\/pages\/797\/revisions"}],"wp:featuredmedia":[{"embeddable":true,"href":"https:\/\/www.leds4africa.ledspadova.eu\/en\/wp-json\/wp\/v2\/media\/811"}],"wp:attachment":[{"href":"https:\/\/www.leds4africa.ledspadova.eu\/en\/wp-json\/wp\/v2\/media?parent=797"}],"curies":[{"name":"wp","href":"https:\/\/api.w.org\/{rel}","templated":true}]}}