{"id":40,"date":"2019-01-06T19:53:56","date_gmt":"2019-01-06T18:53:56","guid":{"rendered":"https:\/\/www.leds4africa.ledspadova.eu\/?page_id=40"},"modified":"2022-10-04T00:15:07","modified_gmt":"2022-10-03T22:15:07","slug":"la-guinea-bissau","status":"publish","type":"page","link":"https:\/\/www.leds4africa.ledspadova.eu\/en\/la-guinea-bissau\/","title":{"rendered":"La Guinea Bissau"},"content":{"rendered":"<p>La <strong>Guinea Bissau<\/strong> \u00e8 un piccolo paese dell&#8217;Africa Occidentale che si affaccia sull&#8217;Oceano Atlantico. Annoverata tra le nazioni pi\u00f9 povere al mondo, questa <strong>ex colonia<\/strong> portoghese ancora oggi fatica a trovare la via dello sviluppo.<\/p>\n<figure id=\"attachment_662\" aria-describedby=\"caption-attachment-662\" style=\"width: 2015px\" class=\"wp-caption aligncenter\"><img decoding=\"async\" class=\"wp-image-662 size-full\" src=\"https:\/\/www.leds4africa.ledspadova.eu\/wp-content\/uploads\/2021\/08\/53535.jpg\" alt=\"Popolazione e PIL pro capite della Guinea Bissau\" width=\"2015\" height=\"522\" srcset=\"https:\/\/www.leds4africa.ledspadova.eu\/wp-content\/uploads\/2021\/08\/53535.jpg 2015w, https:\/\/www.leds4africa.ledspadova.eu\/wp-content\/uploads\/2021\/08\/53535-800x207.jpg 800w, https:\/\/www.leds4africa.ledspadova.eu\/wp-content\/uploads\/2021\/08\/53535-1100x285.jpg 1100w, https:\/\/www.leds4africa.ledspadova.eu\/wp-content\/uploads\/2021\/08\/53535-768x199.jpg 768w, https:\/\/www.leds4africa.ledspadova.eu\/wp-content\/uploads\/2021\/08\/53535-1536x398.jpg 1536w, https:\/\/www.leds4africa.ledspadova.eu\/wp-content\/uploads\/2021\/08\/53535-18x5.jpg 18w, https:\/\/www.leds4africa.ledspadova.eu\/wp-content\/uploads\/2021\/08\/53535-660x171.jpg 660w\" sizes=\"(max-width: 2015px) 100vw, 2015px\" \/><figcaption id=\"caption-attachment-662\" class=\"wp-caption-text\">Popolazione e PIL pro capite della Guinea Bissau. Fonte: World Bank (2018)<\/figcaption><\/figure>\n<p>Grande pressappoco quanto il nostro Triveneto (pari circa a un decimo della <strong>superficie<\/strong> italiana), la Guinea Bissau conta una <strong>popolazione<\/strong> di poco inferiore ai 2 milioni di abitanti <a title=\"Guinea Bissau su Enciclopedia Treccani.it\" href=\"#treccani-gw-bissau\">[2]<\/a>, dei quali tuttavia meno di un terzo ha possibilit\u00e0 di accesso all&#8217;<strong>energia elettrica<\/strong>.<\/p>\n<figure id=\"attachment_661\" aria-describedby=\"caption-attachment-661\" style=\"width: 2298px\" class=\"wp-caption aligncenter\"><img decoding=\"async\" class=\"size-full wp-image-661\" src=\"https:\/\/www.leds4africa.ledspadova.eu\/wp-content\/uploads\/2021\/08\/4343.jpg\" alt=\"Electricity access rate GWB\" width=\"2298\" height=\"725\" srcset=\"https:\/\/www.leds4africa.ledspadova.eu\/wp-content\/uploads\/2021\/08\/4343.jpg 2298w, https:\/\/www.leds4africa.ledspadova.eu\/wp-content\/uploads\/2021\/08\/4343-800x252.jpg 800w, https:\/\/www.leds4africa.ledspadova.eu\/wp-content\/uploads\/2021\/08\/4343-1100x347.jpg 1100w, https:\/\/www.leds4africa.ledspadova.eu\/wp-content\/uploads\/2021\/08\/4343-768x242.jpg 768w, https:\/\/www.leds4africa.ledspadova.eu\/wp-content\/uploads\/2021\/08\/4343-1536x485.jpg 1536w, https:\/\/www.leds4africa.ledspadova.eu\/wp-content\/uploads\/2021\/08\/4343-2048x646.jpg 2048w, https:\/\/www.leds4africa.ledspadova.eu\/wp-content\/uploads\/2021\/08\/4343-18x6.jpg 18w, https:\/\/www.leds4africa.ledspadova.eu\/wp-content\/uploads\/2021\/08\/4343-660x208.jpg 660w\" sizes=\"(max-width: 2298px) 100vw, 2298px\" \/><figcaption id=\"caption-attachment-661\" class=\"wp-caption-text\">Fonte: IEA, World Bank (2018)<\/figcaption><\/figure>\n<p>La stragrande maggioranza delle persone, infatti, per scaldarsi, cucinare e illuminare fa ancora affidamento sull&#8217;unica fonte energetica veramente accessibile: la <strong>biomassa solida<\/strong> (legname, sterpi, sterco animale) <a title=\"Guinea Bissau su Lighting Global\" href=\"#lighting-africa-gw-bissau\">[3]<\/a>. Questa situazione ha purtroppo forti ricadute negative in termini di sottosviluppo, inquinamento e danni alla salute.<\/p>\n<h4>Geografia e Clima<\/h4>\n<p>\ud83c\udf0d La Guinea Bissau si trova sulla costa ovest dell&#8217;Africa Subsahariana e confina con Senegal e Guinea Conakry, ma pi\u00f9 della met\u00e0 dei suoi confini \u00e8 bagnata dall&#8217;Oceano Atlantico <a title=\"Guinea Bissau su Google Maps\" href=\"#gmaps-gw-bissau\">[1]<\/a>.<\/p>\n<p>\ud83c\udf1e\u2614 \u00c8 un paese prevalentemente pianeggiante, con un clima tropicale caratterizzato da una stagione delle piogge che si protrae grosso modo da Giugno a Novembre. La temperatura media annuale si aggira attorno ai 27\u00b0C (contro i 12\u00b0C dell&#8217;Italia) <a title=\"Average Monthly&nbsp;Temperature and Rainfall for&nbsp;Guinea-Bissau&nbsp;from&nbsp;1901-2015\" href=\"#wb-climateportal-gw-bissau\">[4]<\/a>.<\/p>\n<figure id=\"attachment_1048\" aria-describedby=\"caption-attachment-1048\" style=\"width: 1920px\" class=\"wp-caption aligncenter\"><a href=\"http:\/\/www.esa.int\/ita\/ESA_in_your_country\/Italy\/Immagine_EO_della_Settimana_Le_Isole_Bissagos\"><img decoding=\"async\" class=\"wp-image-1048 size-full\" src=\"https:\/\/www.leds4africa.ledspadova.eu\/wp-content\/uploads\/2022\/08\/Guinea-Bissau_and_the_Bissagos_islands-e1661267345543.jpg\" alt=\"Isole Bissagos - ESA\" width=\"1920\" height=\"1315\" srcset=\"https:\/\/www.leds4africa.ledspadova.eu\/wp-content\/uploads\/2022\/08\/Guinea-Bissau_and_the_Bissagos_islands-e1661267345543.jpg 1920w, https:\/\/www.leds4africa.ledspadova.eu\/wp-content\/uploads\/2022\/08\/Guinea-Bissau_and_the_Bissagos_islands-e1661267345543-800x548.jpg 800w, https:\/\/www.leds4africa.ledspadova.eu\/wp-content\/uploads\/2022\/08\/Guinea-Bissau_and_the_Bissagos_islands-e1661267345543-1100x753.jpg 1100w, https:\/\/www.leds4africa.ledspadova.eu\/wp-content\/uploads\/2022\/08\/Guinea-Bissau_and_the_Bissagos_islands-e1661267345543-768x526.jpg 768w, https:\/\/www.leds4africa.ledspadova.eu\/wp-content\/uploads\/2022\/08\/Guinea-Bissau_and_the_Bissagos_islands-e1661267345543-1536x1052.jpg 1536w, https:\/\/www.leds4africa.ledspadova.eu\/wp-content\/uploads\/2022\/08\/Guinea-Bissau_and_the_Bissagos_islands-e1661267345543-18x12.jpg 18w, https:\/\/www.leds4africa.ledspadova.eu\/wp-content\/uploads\/2022\/08\/Guinea-Bissau_and_the_Bissagos_islands-e1661267345543-660x452.jpg 660w\" sizes=\"(max-width: 1920px) 100vw, 1920px\" \/><\/a><figcaption id=\"caption-attachment-1048\" class=\"wp-caption-text\">Immagine satellitare degli estuari fluviali sulla costa della Guinea Bissau. In alto al centro \u00e8 visibile l&#8217;area della capitale Bissau Fonte: ESA<\/figcaption><\/figure>\n<p>\ud83c\udf34 Gli habitat principali sono due: foresta tropicale e savana <a title=\"Guinea Bissau su Sapere.it\" href=\"#sapere-it-gw-bissau\">[5]<\/a>. Ma lungo la costa atlantica il mare si insinua, erodendo la terraferma: ramificandosi l&#8217;Oceano incontra gli estuari di numerosi fiumi, formando cos\u00ec un ambiente palustre ricco di acqua salmastra e sedimenti <a title=\"The Meandering Estuaries of Guinea\u2013Bissau\" href=\"#earthobs-nasa-gw-bissau\">[6]<\/a>. Lungo le sponde prosperano le mangrovie guineiane, foreste preziose (oggi in pericolo) che proteggono la costa e celano una straordinaria biodiversit\u00e0 <a title=\"Mangroves | Africa\" href=\"#wwf-gw-bissau\">[7]<\/a>.<\/p>\n<h4>Storia, Economia e Societ\u00e0<\/h4>\n<p>\ud83d\udcda Ex colonia portoghese, sfruttata sin dal 1600 per la tratta degli schiavi, la Guinea Bissau ha ottenuto l&#8217;indipendenza nel 1973, dopo dieci anni di lotta armata contro i dominatori. Da allora la situazione politica nel paese \u00e8 rimasta a lungo incerta, a causa di un susseguirsi di colpi di stato militari (l&#8217;ultimo nel 2012), che nel &#8217;98 hanno portato ad una guerra civile <a title=\"Guinea Bissau su Enciclopedia Treccani.it\" href=\"#treccani-gw-bissau\">[2]<\/a>. Da qualche anno la situazione \u00e8 pi\u00f9 stabile, sebbene le istituzioni democratiche risultino indebolite da una dilagante corruzione <a title=\"Guinea Bissau su The World Factbook\" href=\"#cia-gw-bissau\">[8]<\/a>. L&#8217;economia, prevalentemente di sussistenza, basata quasi esclusivamente sul settore primario, \u00e8 una delle pi\u00f9 povere al mondo <a title=\"Guinea Bissau su Enciclopedia Treccani.it\" href=\"#treccani-gw-bissau\">[2]<\/a>.<\/p>\n<figure id=\"attachment_656\" aria-describedby=\"caption-attachment-656\" style=\"width: 4000px\" class=\"wp-caption aligncenter\"><img decoding=\"async\" class=\"wp-image-656 size-full\" src=\"https:\/\/www.leds4africa.ledspadova.eu\/wp-content\/uploads\/2021\/08\/FotoJet-3.png\" alt=\"Pictures by Giovanni Piccolo\" width=\"4000\" height=\"2000\" srcset=\"https:\/\/www.leds4africa.ledspadova.eu\/wp-content\/uploads\/2021\/08\/FotoJet-3.png 4000w, https:\/\/www.leds4africa.ledspadova.eu\/wp-content\/uploads\/2021\/08\/FotoJet-3-800x400.png 800w, https:\/\/www.leds4africa.ledspadova.eu\/wp-content\/uploads\/2021\/08\/FotoJet-3-1100x550.png 1100w, https:\/\/www.leds4africa.ledspadova.eu\/wp-content\/uploads\/2021\/08\/FotoJet-3-768x384.png 768w, https:\/\/www.leds4africa.ledspadova.eu\/wp-content\/uploads\/2021\/08\/FotoJet-3-1536x768.png 1536w, https:\/\/www.leds4africa.ledspadova.eu\/wp-content\/uploads\/2021\/08\/FotoJet-3-2048x1024.png 2048w, https:\/\/www.leds4africa.ledspadova.eu\/wp-content\/uploads\/2021\/08\/FotoJet-3-18x9.png 18w, https:\/\/www.leds4africa.ledspadova.eu\/wp-content\/uploads\/2021\/08\/FotoJet-3-660x330.png 660w, https:\/\/www.leds4africa.ledspadova.eu\/wp-content\/uploads\/2021\/08\/FotoJet-3-1000x500.png 1000w\" sizes=\"(max-width: 4000px) 100vw, 4000px\" \/><figcaption id=\"caption-attachment-656\" class=\"wp-caption-text\">Foto di Giovanni Piccolo (2020)<\/figcaption><\/figure>\n<p>\ud83e\uddd4\ud83c\udfff\ud83d\udc67\ud83c\udffe La popolazione parla principalmente kriol, lingua creola derivante dal portoghese (ancora lingua ufficiale) ed \u00e8 composta da una dozzina di diversi gruppi etnici <a title=\"Guinea Bissau su The World Factbook\" href=\"#cia-gw-bissau\">[8]<\/a>. La religione maggiormente praticata \u00e8 l&#8217;Islam (spesso in sincretismo con il Cristianesimo), ma rimangono ancora ben radicati i culti animisti tradizionali <a title=\"Guinea Bissau su Sapere.it\" href=\"#sapere-it-gw-bissau\">[5]<\/a>. Il grado di alfabetizzazione si aggira attorno al 60%. <a title=\"Guinea Bissau - Adult literacy rate\" href=\"#knoema-gw-bissau\">[9]<\/a><\/p>\n<figure id=\"attachment_1055\" aria-describedby=\"caption-attachment-1055\" style=\"width: 2560px\" class=\"wp-caption aligncenter\"><a href=\"https:\/\/commons.wikimedia.org\/wiki\/File:Avenida_dos_Combatentes_da_Liberdade_da_P%C3%A1tria,_Bissau_(2).jpg\"><img decoding=\"async\" class=\"wp-image-1055 size-full\" src=\"https:\/\/www.leds4africa.ledspadova.eu\/wp-content\/uploads\/2022\/08\/Avenida_dos_Combatentes_da_Liberdade_da_Patria_Bissau_2-scaled.jpg\" alt=\"Bissau Wikimedia Commons\" width=\"2560\" height=\"1440\" srcset=\"https:\/\/www.leds4africa.ledspadova.eu\/wp-content\/uploads\/2022\/08\/Avenida_dos_Combatentes_da_Liberdade_da_Patria_Bissau_2-scaled.jpg 2560w, https:\/\/www.leds4africa.ledspadova.eu\/wp-content\/uploads\/2022\/08\/Avenida_dos_Combatentes_da_Liberdade_da_Patria_Bissau_2-800x450.jpg 800w, https:\/\/www.leds4africa.ledspadova.eu\/wp-content\/uploads\/2022\/08\/Avenida_dos_Combatentes_da_Liberdade_da_Patria_Bissau_2-1100x619.jpg 1100w, https:\/\/www.leds4africa.ledspadova.eu\/wp-content\/uploads\/2022\/08\/Avenida_dos_Combatentes_da_Liberdade_da_Patria_Bissau_2-768x432.jpg 768w, https:\/\/www.leds4africa.ledspadova.eu\/wp-content\/uploads\/2022\/08\/Avenida_dos_Combatentes_da_Liberdade_da_Patria_Bissau_2-1536x864.jpg 1536w, https:\/\/www.leds4africa.ledspadova.eu\/wp-content\/uploads\/2022\/08\/Avenida_dos_Combatentes_da_Liberdade_da_Patria_Bissau_2-2048x1152.jpg 2048w, https:\/\/www.leds4africa.ledspadova.eu\/wp-content\/uploads\/2022\/08\/Avenida_dos_Combatentes_da_Liberdade_da_Patria_Bissau_2-18x10.jpg 18w, https:\/\/www.leds4africa.ledspadova.eu\/wp-content\/uploads\/2022\/08\/Avenida_dos_Combatentes_da_Liberdade_da_Patria_Bissau_2-660x371.jpg 660w\" sizes=\"(max-width: 2560px) 100vw, 2560px\" \/><\/a><figcaption id=\"caption-attachment-1055\" class=\"wp-caption-text\">Scorcio della capitale del paese, Bissau. Fonte: Wikimedia Commons<\/figcaption><\/figure>\n<h4>Riferimenti<\/h4>\n<p><span id=\"gmaps-gw-bissau\">[1] <a href=\"https:\/\/goo.gl\/9d8whx\">Guinea Bissau<\/a> su <em>Google Maps<\/em><\/span><br \/>\n<span id=\"treccani-gw-bissau\">[2] <a href=\"http:\/\/www.treccani.it\/enciclopedia\/guinea-bissau\/\">Guinea Bissau<\/a> su <em>Enciclopedia Treccani.it<\/em><\/span><br \/>\n<span id=\"lighting-africa-gw-bissau\">[3] <a href=\"https:\/\/www.lightingafrica.org\/country\/guinea-bissau\/\">Guinea Bissau<\/a> su <em>Lighting Global &#8211; A World Bank Group Innovation<\/em><\/span><br \/>\n<span id=\"wb-climateportal-gw-bissau\">[4]&nbsp;<a href=\"https:\/\/goo.gl\/2hBcwY\">Average Monthly&nbsp;Temperature and Rainfall for&nbsp;Guinea-Bissau&nbsp;from&nbsp;1901-2015<\/a> su <em>World Bank Group &#8211; Climate Change Knowledge Portal<\/em>&nbsp;<\/span><br \/>\n<span id=\"sapere-it-gw-bissau\">[5] <a href=\"http:\/\/www.sapere.it\/enciclopedia\/Guinea-Bissau.html\">Guinea Bissau<\/a> su <em>Sapere.it<\/em><\/span><br \/>\n<span id=\"earthobs-nasa-gw-bissau\">[6] <a href=\"https:\/\/earthobservatory.nasa.gov\/images\/92266\/the-meandering-estuaries-of-guineabissau\">The Meandering Estuaries of Guinea\u2013Bissau<\/a> su&nbsp;<em>NASA &#8211; Earth Observatory<\/em><\/span><br \/>\n<span id=\"wwf-gw-bissau\">[7]&nbsp;<a href=\"https:\/\/www.worldwildlife.org\/ecoregions\/at1403\">Mangroves | Africa: Senegal, The Gambia, Guinea-Bissau, Guinea, Sierra Leone, Liberia, and Ivory Coast<\/a> su <em>WWF &#8211;&nbsp;World Wildlife Fund<\/em><\/span><br \/>\n<span id=\"cia-gw-bissau\">[8] <a href=\"https:\/\/www.cia.gov\/library\/publications\/the-world-factbook\/geos\/pu.html\">Guinea Bissau<\/a> su <em>CIA &#8211; The World Factbook<\/em><\/span><br \/>\n<span id=\"knoema-gw-bissau\">[9] <a href=\"https:\/\/knoema.com\/atlas\/Guinea-Bissau\/Adult-literacy-rate\">Guinea Bissau &#8211; Adult literacy rate<\/a>&nbsp;su&nbsp;<em>Knoema<\/em><\/span><\/p>\n<table class=\"aligncenter\" style=\"width: 100%; border-collapse: collapse; border-style: none;\">\n<tbody>\n<tr>\n<td style=\"width: 50%; border-style: none; vertical-align: middle; text-align: left;\"><a class=\"fasc-button fasc-size-large fasc-type-flat ico-fa fasc-ico-before fa-chevron-circle-left\" style=\"background-color: #ff9234; color: #ffffff;\" href=\"https:\/\/www.leds4africa.ledspadova.eu\/en\/il-progetto\/\">Indietro<\/a><\/td>\n<td style=\"width: 50%; text-align: right; border-style: none; vertical-align: middle;\"><a class=\"fasc-button fasc-size-large fasc-type-flat ico-fa fasc-ico-after fa-chevron-circle-right\" style=\"background-color: #ff9234; color: #ffffff;\" href=\"https:\/\/www.leds4africa.ledspadova.eu\/en\/ponta-cabral\/\">Avanti<\/a><\/td>\n<\/tr>\n<\/tbody>\n<\/table>","protected":false},"excerpt":{"rendered":"<p>La Guinea Bissau \u00e8 un piccolo paese dell&#8217;Africa Occidentale che si affaccia sull&#8217;Oceano Atlantico. Annoverata tra le nazioni pi\u00f9 povere al mondo, questa ex colonia &hellip;<\/p>","protected":false},"author":1,"featured_media":663,"parent":0,"menu_order":0,"comment_status":"closed","ping_status":"closed","template":"","meta":{"footnotes":""},"yoast_head":"<!-- This site is optimized with the Yoast SEO plugin v22.6 - https:\/\/yoast.com\/wordpress\/plugins\/seo\/ -->\n<title>La Guinea Bissau |<\/title>\n<meta name=\"description\" content=\"Un approfondimento sulla Guinea-Bissau, il paese in cui opera il nostro progetto LEDS for Africa: la geografia e la storia di una nazione ancora fragile\" \/>\n<meta name=\"robots\" content=\"index, follow, max-snippet:-1, max-image-preview:large, max-video-preview:-1\" \/>\n<link rel=\"canonical\" href=\"https:\/\/www.leds4africa.ledspadova.eu\/en\/la-guinea-bissau\/\" \/>\n<meta property=\"og:locale\" content=\"en_US\" \/>\n<meta property=\"og:type\" content=\"article\" \/>\n<meta property=\"og:title\" content=\"La Guinea Bissau |\" \/>\n<meta property=\"og:description\" content=\"Un approfondimento sulla Guinea-Bissau, il paese in cui opera il nostro progetto LEDS for Africa: la geografia e la storia di una nazione ancora fragile\" \/>\n<meta property=\"og:url\" content=\"https:\/\/www.leds4africa.ledspadova.eu\/en\/la-guinea-bissau\/\" \/>\n<meta property=\"article:publisher\" content=\"https:\/\/www.facebook.com\/leds4africa\/\" \/>\n<meta property=\"article:modified_time\" content=\"2022-10-03T22:15:07+00:00\" \/>\n<meta property=\"og:image\" content=\"https:\/\/www.leds4africa.ledspadova.eu\/wp-content\/uploads\/2021\/08\/LEDS-for-Africa-Brochure-1.01-2021-scaled.jpg\" \/>\n\t<meta property=\"og:image:width\" content=\"2560\" \/>\n\t<meta property=\"og:image:height\" content=\"1031\" \/>\n\t<meta property=\"og:image:type\" content=\"image\/jpeg\" \/>\n<meta name=\"twitter:card\" content=\"summary_large_image\" \/>\n<meta name=\"twitter:label1\" content=\"Est. reading time\" \/>\n\t<meta name=\"twitter:data1\" content=\"5 minutes\" \/>\n<script type=\"application\/ld+json\" class=\"yoast-schema-graph\">{\"@context\":\"https:\/\/schema.org\",\"@graph\":[{\"@type\":\"WebPage\",\"@id\":\"https:\/\/www.leds4africa.ledspadova.eu\/la-guinea-bissau\/\",\"url\":\"https:\/\/www.leds4africa.ledspadova.eu\/la-guinea-bissau\/\",\"name\":\"La Guinea Bissau |\",\"isPartOf\":{\"@id\":\"https:\/\/www.leds4africa.ledspadova.eu\/#website\"},\"primaryImageOfPage\":{\"@id\":\"https:\/\/www.leds4africa.ledspadova.eu\/la-guinea-bissau\/#primaryimage\"},\"image\":{\"@id\":\"https:\/\/www.leds4africa.ledspadova.eu\/la-guinea-bissau\/#primaryimage\"},\"thumbnailUrl\":\"https:\/\/www.leds4africa.ledspadova.eu\/wp-content\/uploads\/2021\/08\/LEDS-for-Africa-Brochure-1.01-2021-scaled.jpg\",\"datePublished\":\"2019-01-06T18:53:56+00:00\",\"dateModified\":\"2022-10-03T22:15:07+00:00\",\"description\":\"Un approfondimento sulla Guinea-Bissau, il paese in cui opera il nostro progetto LEDS for Africa: la geografia e la storia di una nazione ancora fragile\",\"breadcrumb\":{\"@id\":\"https:\/\/www.leds4africa.ledspadova.eu\/la-guinea-bissau\/#breadcrumb\"},\"inLanguage\":\"en-US\",\"potentialAction\":[{\"@type\":\"ReadAction\",\"target\":[\"https:\/\/www.leds4africa.ledspadova.eu\/la-guinea-bissau\/\"]}]},{\"@type\":\"ImageObject\",\"inLanguage\":\"en-US\",\"@id\":\"https:\/\/www.leds4africa.ledspadova.eu\/la-guinea-bissau\/#primaryimage\",\"url\":\"https:\/\/www.leds4africa.ledspadova.eu\/wp-content\/uploads\/2021\/08\/LEDS-for-Africa-Brochure-1.01-2021-scaled.jpg\",\"contentUrl\":\"https:\/\/www.leds4africa.ledspadova.eu\/wp-content\/uploads\/2021\/08\/LEDS-for-Africa-Brochure-1.01-2021-scaled.jpg\",\"width\":2560,\"height\":1031,\"caption\":\"Nord Africa - Guinea Bissau\"},{\"@type\":\"BreadcrumbList\",\"@id\":\"https:\/\/www.leds4africa.ledspadova.eu\/la-guinea-bissau\/#breadcrumb\",\"itemListElement\":[{\"@type\":\"ListItem\",\"position\":1,\"name\":\"Home\",\"item\":\"https:\/\/www.leds4africa.ledspadova.eu\/\"},{\"@type\":\"ListItem\",\"position\":2,\"name\":\"La Guinea Bissau\"}]},{\"@type\":\"WebSite\",\"@id\":\"https:\/\/www.leds4africa.ledspadova.eu\/#website\",\"url\":\"https:\/\/www.leds4africa.ledspadova.eu\/\",\"name\":\"\",\"description\":\"Project powerd by LEDS - L&#039;Energia Degli Studenti\",\"publisher\":{\"@id\":\"https:\/\/www.leds4africa.ledspadova.eu\/#organization\"},\"potentialAction\":[{\"@type\":\"SearchAction\",\"target\":{\"@type\":\"EntryPoint\",\"urlTemplate\":\"https:\/\/www.leds4africa.ledspadova.eu\/?s={search_term_string}\"},\"query-input\":\"required name=search_term_string\"}],\"inLanguage\":\"en-US\"},{\"@type\":\"Organization\",\"@id\":\"https:\/\/www.leds4africa.ledspadova.eu\/#organization\",\"name\":\"LEDS for Africa\",\"url\":\"https:\/\/www.leds4africa.ledspadova.eu\/\",\"logo\":{\"@type\":\"ImageObject\",\"inLanguage\":\"en-US\",\"@id\":\"https:\/\/www.leds4africa.ledspadova.eu\/#\/schema\/logo\/image\/\",\"url\":\"https:\/\/www.leds4africa.ledspadova.eu\/wp-content\/uploads\/2022\/11\/cropped-Logo-L4A-icona-e1668876584675.png\",\"contentUrl\":\"https:\/\/www.leds4africa.ledspadova.eu\/wp-content\/uploads\/2022\/11\/cropped-Logo-L4A-icona-e1668876584675.png\",\"width\":512,\"height\":512,\"caption\":\"LEDS for Africa\"},\"image\":{\"@id\":\"https:\/\/www.leds4africa.ledspadova.eu\/#\/schema\/logo\/image\/\"},\"sameAs\":[\"https:\/\/www.facebook.com\/leds4africa\/\",\"https:\/\/www.instagram.com\/ledspadova\/\"]}]}<\/script>\n<!-- \/ Yoast SEO plugin. -->","yoast_head_json":{"title":"La Guinea Bissau |","description":"Un approfondimento sulla Guinea-Bissau, il paese in cui opera il nostro progetto LEDS for Africa: la geografia e la storia di una nazione ancora fragile","robots":{"index":"index","follow":"follow","max-snippet":"max-snippet:-1","max-image-preview":"max-image-preview:large","max-video-preview":"max-video-preview:-1"},"canonical":"https:\/\/www.leds4africa.ledspadova.eu\/en\/la-guinea-bissau\/","og_locale":"en_US","og_type":"article","og_title":"La Guinea Bissau |","og_description":"Un approfondimento sulla Guinea-Bissau, il paese in cui opera il nostro progetto LEDS for Africa: la geografia e la storia di una nazione ancora fragile","og_url":"https:\/\/www.leds4africa.ledspadova.eu\/en\/la-guinea-bissau\/","article_publisher":"https:\/\/www.facebook.com\/leds4africa\/","article_modified_time":"2022-10-03T22:15:07+00:00","og_image":[{"width":2560,"height":1031,"url":"https:\/\/www.leds4africa.ledspadova.eu\/wp-content\/uploads\/2021\/08\/LEDS-for-Africa-Brochure-1.01-2021-scaled.jpg","type":"image\/jpeg"}],"twitter_card":"summary_large_image","twitter_misc":{"Est. reading time":"5 minutes"},"schema":{"@context":"https:\/\/schema.org","@graph":[{"@type":"WebPage","@id":"https:\/\/www.leds4africa.ledspadova.eu\/la-guinea-bissau\/","url":"https:\/\/www.leds4africa.ledspadova.eu\/la-guinea-bissau\/","name":"La Guinea Bissau |","isPartOf":{"@id":"https:\/\/www.leds4africa.ledspadova.eu\/#website"},"primaryImageOfPage":{"@id":"https:\/\/www.leds4africa.ledspadova.eu\/la-guinea-bissau\/#primaryimage"},"image":{"@id":"https:\/\/www.leds4africa.ledspadova.eu\/la-guinea-bissau\/#primaryimage"},"thumbnailUrl":"https:\/\/www.leds4africa.ledspadova.eu\/wp-content\/uploads\/2021\/08\/LEDS-for-Africa-Brochure-1.01-2021-scaled.jpg","datePublished":"2019-01-06T18:53:56+00:00","dateModified":"2022-10-03T22:15:07+00:00","description":"Un approfondimento sulla Guinea-Bissau, il paese in cui opera il nostro progetto LEDS for Africa: la geografia e la storia di una nazione ancora fragile","breadcrumb":{"@id":"https:\/\/www.leds4africa.ledspadova.eu\/la-guinea-bissau\/#breadcrumb"},"inLanguage":"en-US","potentialAction":[{"@type":"ReadAction","target":["https:\/\/www.leds4africa.ledspadova.eu\/la-guinea-bissau\/"]}]},{"@type":"ImageObject","inLanguage":"en-US","@id":"https:\/\/www.leds4africa.ledspadova.eu\/la-guinea-bissau\/#primaryimage","url":"https:\/\/www.leds4africa.ledspadova.eu\/wp-content\/uploads\/2021\/08\/LEDS-for-Africa-Brochure-1.01-2021-scaled.jpg","contentUrl":"https:\/\/www.leds4africa.ledspadova.eu\/wp-content\/uploads\/2021\/08\/LEDS-for-Africa-Brochure-1.01-2021-scaled.jpg","width":2560,"height":1031,"caption":"Nord Africa - Guinea Bissau"},{"@type":"BreadcrumbList","@id":"https:\/\/www.leds4africa.ledspadova.eu\/la-guinea-bissau\/#breadcrumb","itemListElement":[{"@type":"ListItem","position":1,"name":"Home","item":"https:\/\/www.leds4africa.ledspadova.eu\/"},{"@type":"ListItem","position":2,"name":"La Guinea Bissau"}]},{"@type":"WebSite","@id":"https:\/\/www.leds4africa.ledspadova.eu\/#website","url":"https:\/\/www.leds4africa.ledspadova.eu\/","name":"","description":"Project powerd by LEDS - L'Energia Degli Studenti","publisher":{"@id":"https:\/\/www.leds4africa.ledspadova.eu\/#organization"},"potentialAction":[{"@type":"SearchAction","target":{"@type":"EntryPoint","urlTemplate":"https:\/\/www.leds4africa.ledspadova.eu\/?s={search_term_string}"},"query-input":"required name=search_term_string"}],"inLanguage":"en-US"},{"@type":"Organization","@id":"https:\/\/www.leds4africa.ledspadova.eu\/#organization","name":"LEDS for Africa","url":"https:\/\/www.leds4africa.ledspadova.eu\/","logo":{"@type":"ImageObject","inLanguage":"en-US","@id":"https:\/\/www.leds4africa.ledspadova.eu\/#\/schema\/logo\/image\/","url":"https:\/\/www.leds4africa.ledspadova.eu\/wp-content\/uploads\/2022\/11\/cropped-Logo-L4A-icona-e1668876584675.png","contentUrl":"https:\/\/www.leds4africa.ledspadova.eu\/wp-content\/uploads\/2022\/11\/cropped-Logo-L4A-icona-e1668876584675.png","width":512,"height":512,"caption":"LEDS for Africa"},"image":{"@id":"https:\/\/www.leds4africa.ledspadova.eu\/#\/schema\/logo\/image\/"},"sameAs":["https:\/\/www.facebook.com\/leds4africa\/","https:\/\/www.instagram.com\/ledspadova\/"]}]}},"jetpack_sharing_enabled":true,"wps_subtitle":"","_links":{"self":[{"href":"https:\/\/www.leds4africa.ledspadova.eu\/en\/wp-json\/wp\/v2\/pages\/40"}],"collection":[{"href":"https:\/\/www.leds4africa.ledspadova.eu\/en\/wp-json\/wp\/v2\/pages"}],"about":[{"href":"https:\/\/www.leds4africa.ledspadova.eu\/en\/wp-json\/wp\/v2\/types\/page"}],"author":[{"embeddable":true,"href":"https:\/\/www.leds4africa.ledspadova.eu\/en\/wp-json\/wp\/v2\/users\/1"}],"replies":[{"embeddable":true,"href":"https:\/\/www.leds4africa.ledspadova.eu\/en\/wp-json\/wp\/v2\/comments?post=40"}],"version-history":[{"count":0,"href":"https:\/\/www.leds4africa.ledspadova.eu\/en\/wp-json\/wp\/v2\/pages\/40\/revisions"}],"wp:featuredmedia":[{"embeddable":true,"href":"https:\/\/www.leds4africa.ledspadova.eu\/en\/wp-json\/wp\/v2\/media\/663"}],"wp:attachment":[{"href":"https:\/\/www.leds4africa.ledspadova.eu\/en\/wp-json\/wp\/v2\/media?parent=40"}],"curies":[{"name":"wp","href":"https:\/\/api.w.org\/{rel}","templated":true}]}}